{"id":1452,"date":"2026-05-04T19:52:12","date_gmt":"2026-05-04T19:52:12","guid":{"rendered":"https:\/\/tabulapremios.es\/?page_id=1452"},"modified":"2026-05-04T19:52:32","modified_gmt":"2026-05-04T19:52:32","slug":"nominaciones-2025","status":"publish","type":"page","link":"https:\/\/tabulapremios.es\/index.php\/nominaciones-2025\/","title":{"rendered":"Nominaciones 2025"},"content":{"rendered":"<p><span style=\"color: #000000;\">Los Premios Tabula se congratulan en anunciar las nominaciones en las 19 categor\u00edas presentadas.<\/span><\/p>\n<p><span style=\"color: #000000;\">Tras la votaci\u00f3n realizada entre los medios de comunicaci\u00f3n dedicados a los juegos de mesa modernos se han resuelto los nominados en las diferentes categor\u00edas.<\/span><\/p>\n<p><span style=\"color: #000000;\">La base de nominaciones se centra en 5 nominados, en los casos de empate en 5\u00aa posici\u00f3n se han a\u00f1adidos todos los t\u00edtulos empatados en dicha 5\u00aa posici\u00f3n.<\/span><\/p>\n<h2 style=\"text-align: center;\"><strong><em>MEJOR PRODUCCI\u00d3N Y COMPONENTES<\/em><\/strong><\/h2>\n<p style=\"text-align: center;\"><em><span style=\"color: #000000\"><span style=\"background-color: #ffffff\"><span style=\"font-size: 20px\"><span style=\"font-family: Ubuntu, sans-serif\">Premio a la producci\u00f3n de un juego de mesa que muestra calidad tanto art\u00edstica como t\u00e9cnica de sus componentes y con coherencia con la tem\u00e1tica y mec\u00e1nica del juego.<\/span><\/span><\/span><\/span><\/em><\/p>\n<h2 style=\"text-align: center;\"><strong><em>MEJOR ILUSTRACI\u00d3N<\/em><\/strong><\/h2>\n<p style=\"text-align: center;\"><em><span style=\"color: #000000\"><span style=\"background-color: #ffffff\"><span style=\"font-size: 20px\"><span style=\"font-family: Ubuntu, sans-serif\">Premio a la ilustraci\u00f3n de un juego de mesa (portada y componentes) que muestra calidad tanto art\u00edstica como t\u00e9cnica y con coherencia con la tem\u00e1tica y din\u00e1mica del juego.<\/span><\/span><\/span><\/span><\/em><\/p>\n<h2 style=\"text-align: center;\"><strong><em>MEJOR AUTOR\u00cdA<\/em><\/strong><\/h2>\n<p style=\"text-align: center;\"><em><span style=\"color: #000000\"><span style=\"background-color: #ffffff\"><span style=\"font-size: 20px\"><span style=\"font-family: Ubuntu, sans-serif\">Premio a una persona creadora de uno o varios juegos de mesa que durante el \u00faltimo a\u00f1o han destacado por su alta calidad y originalidad.<\/span><\/span><\/span><\/span><\/em><\/p>\n<h2 style=\"text-align: center;\"><strong><em>MEJOR JUEGO DE AUTOR\u00cdA ESPA\u00d1OLA<\/em><\/strong><\/h2>\n<p style=\"text-align: center;\"><em><span style=\"color: #000000\"><span style=\"background-color: #ffffff\"><span style=\"font-size: 20px\"><span style=\"font-family: Ubuntu, sans-serif\">Premio a un juego de autor\u00eda espa\u00f1ola que ha destacado por su alta calidad y originalidad, independientemente del origen de la editorial.<\/span><\/span><\/span><\/span><\/em><\/p>\n<h2 style=\"text-align: center;\"><strong><em>MEJOR JUEGO EN SOLITARIO<\/em><\/strong><\/h2>\n<p style=\"text-align: center;\"><em><span style=\"color: #000000\"><span style=\"background-color: #ffffff\"><span style=\"font-size: 20px\"><span style=\"font-family: Ubuntu, sans-serif\">Premio a un juego cuyas reglas indiquen que se puede jugar en solitario, sea o no exclusivo para una persona.<\/span><\/span><\/span><\/span><\/em><\/p>\n<h2 style=\"text-align: center;\"><strong><em>MEJOR JUEGO A 2<\/em><\/strong><\/h2>\n<p style=\"text-align: center;\"><em><span style=\"color: #000000\"><span style=\"background-color: #ffffff\"><span style=\"font-size: 20px\"><span style=\"font-family: Ubuntu, sans-serif\">Premio a un juego cuyas reglas indiquen que se puede jugar 2 personas, sea o no exclusivo para ese n\u00famero de personas.<\/span><\/span><\/span><\/span><\/em><\/p>\n<h2 style=\"text-align: center;\"><strong><em>MEJOR JUEGO COOPERATIVO<\/em><\/strong><\/h2>\n<p style=\"text-align: center;\"><em><span style=\"color: #000000\"><span style=\"background-color: #ffffff\"><span style=\"font-size: 20px\"><span style=\"font-family: Ubuntu, sans-serif\">Juego en el que no se compite sino que se trabaja en equipo para lograr un objetivo com\u00fan.<\/span><\/span><\/span><\/span><\/em><\/p>\n<h2 style=\"text-align: center;\"><strong><em>MEJOR JUEGO TEM\u00c1TICO<\/em><\/strong><\/h2>\n<p style=\"text-align: center;\"><em><span style=\"color: #000000\"><span style=\"font-size: 20px\"><span style=\"font-family: Ubuntu, sans-serif\">Juego cuyos elementos conductores sean su tem\u00e1tica y narrativa.<\/span><\/span><\/span><\/em><\/p>\n<p style=\"text-align: center;\"><em><span style=\"color: #000000\"><span style=\"font-size: 20px\"><span style=\"font-family: Ubuntu, sans-serif\">Las mec\u00e1nicas est\u00e1n dise\u00f1adas para favorecer la inmersi\u00f3n en el mismo y la historia en la que se ambienta el dise\u00f1o tiene un peso muy relevante.<\/span><\/span><\/span><\/em><\/p>\n<h2 style=\"text-align: center;\"><strong><em>MEJOR JUEGO ABSTRACTO<\/em><\/strong><\/h2>\n<p style=\"text-align: center;\"><em><span style=\"color: #000000\"><span style=\"background-color: #ffffff\"><span style=\"font-size: 20px\"><span style=\"font-family: Ubuntu, sans-serif\">Premio a un juego con un alto componente estrat\u00e9gico sin dependencia del tema o, incluso, sin tema alguno.<\/span><\/span><\/span><\/span><\/em><\/p>\n<h2 style=\"text-align: center;\"><strong><em>MEJOR JUEGO FILLER<\/em><\/strong><\/h2>\n<p style=\"text-align: center;\"><em><span style=\"color: #000000\"><span style=\"background-color: #ffffff\"><span style=\"font-size: 20px\"><span style=\"font-family: Ubuntu, sans-serif\">Premio a un juego de duraci\u00f3n corta (30 minutos o menos), de preparaci\u00f3n r\u00e1pida, mec\u00e1nicas sencillas y reglas accesibles, f\u00e1ciles de comprender.<\/span><\/span><\/span><\/span><\/em><\/p>\n<h2 style=\"text-align: center;\"><strong><em>MEJOR JUEGO EUROGAME<\/em><\/strong><\/h2>\n<p style=\"text-align: center;\"><em><span style=\"color: #000000\"><span style=\"background-color: #ffffff\"><span style=\"font-size: 20px\"><span style=\"font-family: Ubuntu, sans-serif\">Premio a un juego indicado en la caja para 8 a\u00f1os o m\u00e1s. Con una preparaci\u00f3n extensa, mec\u00e1nicas elaboradas, reglas complejas, poco o ning\u00fan azar y protagonismo de las mec\u00e1nicas por encima de la tem\u00e1tica.<\/span><\/span><\/span><\/span><\/em><\/p>\n<h2 style=\"text-align: center;\"><strong><em>MEJOR JUEGO PARTY<\/em><\/strong><\/h2>\n<p style=\"text-align: center;\"><em><span style=\"color: #000000\"><span style=\"background-color: #ffffff\"><span style=\"font-size: 20px\"><span style=\"font-family: Ubuntu, sans-serif\">Premio a un juego para peque\u00f1os o grandes grupos cuyo valor principal es la diversi\u00f3n. De preparaci\u00f3n r\u00e1pida, mec\u00e1nicas sencillas y reglas accesibles, f\u00e1ciles de comprender.<\/span><\/span><\/span><\/span><\/em><\/p>\n<h2 style=\"text-align: center;\"><strong><em>MEJOR JUEGO DE CARTAS<\/em><\/strong><\/h2>\n<p style=\"text-align: center;\"><em><span style=\"color: #000000\"><span style=\"background-color: #ffffff\"><span style=\"font-size: 20px\"><span style=\"font-family: Ubuntu, sans-serif\">Juego cuyo elemento \u00fanico de juego sean las cartas no utiliz\u00e1ndose otros elementos salvo para marcadores, puntuaciones u opciones menores, se excluyen los juegos con interacci\u00f3n en tablero.<\/span><\/span><\/span><\/span><\/em><\/p>\n<h2 style=\"text-align: center;\"><strong><em>MEJOR WARGAME<\/em><\/strong><\/h2>\n<p style=\"text-align: center;\"><em><span style=\"color: #000000\"><span style=\"background-color: #ffffff\"><span style=\"font-size: 20px\"><span style=\"font-family: Ubuntu, sans-serif\">Juego que representa una batalla o una guerra, normalmente con un mapa o tablero en el que se desarrollan las operaciones y con componentes representando unidades militares.<\/span><\/span><\/span><\/span><\/em><\/p>\n<h2 style=\"text-align: center;\"><strong><em>MEJOR SUPLEMENTO DE ROL<\/em><\/strong><\/h2>\n<p style=\"text-align: center;\"><em><span style=\"color: #000000\"><span style=\"background-color: #ffffff\"><span style=\"font-size: 20px\"><span style=\"font-family: Ubuntu, sans-serif\">Premio al mejor conjunto de reglas adicionales (bestiarios, compendios u otros) que acompa\u00f1a a un juego de rol.<\/span><\/span><\/span><\/span><\/em><\/p>\n<h2 style=\"text-align: center;\"><strong><em>MEJOR JUEGO DE ROL<\/em><\/strong><\/h2>\n<p style=\"text-align: center;\"><em><span style=\"color: #000000\"><span style=\"background-color: #ffffff\"><span style=\"font-size: 20px\"><span style=\"font-family: Ubuntu, sans-serif\">Un juego de rol es un juego interpretativo-narrativo en el que asumir el \u00abrol\u00bb de personajes de ficci\u00f3n a lo largo de una historia o trama en la que se interpretan di\u00e1logos y se describen acciones.<\/span><\/span><\/span><\/span><\/em><\/p>\n<h2 style=\"text-align: center;\"><strong><em>MEJOR AVENTURA DE ROL<\/em><\/strong><\/h2>\n<p style=\"text-align: center;\"><em><span style=\"color: #000000\"><span style=\"background-color: #ffffff\"><span style=\"font-size: 20px\"><span style=\"font-family: Ubuntu, sans-serif\">Premio al mejor m\u00f3dulo de aventuras, campa\u00f1a que acompa\u00f1a a un juego de rol.<\/span><\/span><\/span><\/span><\/em><\/p>\n<h2 style=\"text-align: center;\"><strong><em>MEJOR JUEGO INFANTIL<\/em><\/strong><\/h2>\n<p style=\"text-align: center;\"><em><span style=\"color: #000000\"><span style=\"background-color: #ffffff\"><span style=\"font-size: 20px\"><span style=\"font-family: Ubuntu, sans-serif\">Premio a un juego indicado en la caja para 7 a\u00f1os o menos. De preparaci\u00f3n r\u00e1pida, mec\u00e1nicas sencillas y reglas accesibles, f\u00e1ciles de comprender<\/span><\/span><\/span><\/span><\/em><\/p>\n<h2 style=\"text-align: center;\"><strong><em>MEJOR JUEGO DEL A\u00d1O<\/em><\/strong><\/h2>\n<p style=\"text-align: center;\"><em><span style=\"color: #000000\"><span style=\"background-color: #ffffff\"><span style=\"font-size: 20px\"><span style=\"font-family: Ubuntu, sans-serif\">Premio a un juego que presente alta calidad en cuanto a dise\u00f1o, producci\u00f3n, jugabilidad, redacci\u00f3n de reglas y originalidad.<\/span><\/span><\/span><\/span><\/em><\/p>\n","protected":false},"excerpt":{"rendered":"<p>Los Premios Tabula se congratulan en anunciar las nominaciones en las 19 categor\u00edas presentadas. Tras la votaci\u00f3n realizada entre los medios de comunicaci\u00f3n dedicados a los juegos de mesa modernos se han resuelto los nominados en las diferentes categor\u00edas. La base de nominaciones se centra en 5 nominados, en los casos de empate en 5\u00aa posici\u00f3n se han a\u00f1adidos todos los t\u00edtulos empatados en dicha 5\u00aa posici\u00f3n. MEJOR PRODUCCI\u00d3N Y COMPONENTES Premio a la producci\u00f3n de un juego de mesa [&hellip;]<\/p>\n","protected":false},"author":2,"featured_media":0,"parent":0,"menu_order":0,"comment_status":"closed","ping_status":"closed","template":"","meta":{"footnotes":""},"class_list":["post-1452","page","type-page","status-publish","hentry"],"jetpack_sharing_enabled":true,"_links":{"self":[{"href":"https:\/\/tabulapremios.es\/index.php\/wp-json\/wp\/v2\/pages\/1452","targetHints":{"allow":["GET"]}}],"collection":[{"href":"https:\/\/tabulapremios.es\/index.php\/wp-json\/wp\/v2\/pages"}],"about":[{"href":"https:\/\/tabulapremios.es\/index.php\/wp-json\/wp\/v2\/types\/page"}],"author":[{"embeddable":true,"href":"https:\/\/tabulapremios.es\/index.php\/wp-json\/wp\/v2\/users\/2"}],"replies":[{"embeddable":true,"href":"https:\/\/tabulapremios.es\/index.php\/wp-json\/wp\/v2\/comments?post=1452"}],"version-history":[{"count":13,"href":"https:\/\/tabulapremios.es\/index.php\/wp-json\/wp\/v2\/pages\/1452\/revisions"}],"predecessor-version":[{"id":1666,"href":"https:\/\/tabulapremios.es\/index.php\/wp-json\/wp\/v2\/pages\/1452\/revisions\/1666"}],"wp:attachment":[{"href":"https:\/\/tabulapremios.es\/index.php\/wp-json\/wp\/v2\/media?parent=1452"}],"curies":[{"name":"wp","href":"https:\/\/api.w.org\/{rel}","templated":true}]}}